{"id":460,"date":"2020-08-24T09:04:23","date_gmt":"2020-08-24T09:04:23","guid":{"rendered":"https:\/\/b2b.equuscura.dk\/?page_id=460"},"modified":"2021-01-20T18:58:25","modified_gmt":"2021-01-20T18:58:25","slug":"equus-cura","status":"publish","type":"page","link":"https:\/\/b2b.equuscura.dk\/de\/","title":{"rendered":"Equus Cura"},"content":{"rendered":"\n\n  <div class=\"banner has-hover has-video\" id=\"banner-962953713\">\n          <div class=\"banner-inner fill\">\n        <div class=\"banner-bg fill\" >\n            <div class=\"bg fill bg-fill \"><\/div>\n            \t<div class=\"video-overlay no-click fill visible\"><\/div>\n\t<video class=\"video-bg fill visible\" preload playsinline autoplay\n\t\tmuted\t\tloop>\n\t\t<source src=\"\/wp-content\/uploads\/2020\/08\/equus-cura-prevent.mp4\" type=\"video\/mp4\">\t<\/video>\n            <div class=\"overlay\"><\/div>            \n                    <\/div>\n        <div class=\"banner-layers container\">\n            <div class=\"fill banner-link\"><\/div>            \n\n   <div id=\"text-box-985517748\" class=\"text-box banner-layer x50 md-x50 lg-x50 y50 md-y50 lg-y50 res-text\">\n                                <div class=\"text-box-content text dark text-shadow-2\">\n              \n              <div class=\"text-inner text-center\">\n                  \n\n<h2><span style=\"text-decoration: underline; color: #c8af9c;\"><span class=\"gold-text secondary-font text-stroke\">WILLKOMMEN<\/span><\/span><\/h2>\n<h4>WILLKOMMEN IN IHREM NEUEN B2B-WEBSHOP\u00a0<\/h4>\n<div class=\"video-button-wrapper\" style=\"font-size:145%\"><a href=\"https:\/\/www.youtube.com\/watch?v=5rkSoN-QbZk\" class=\"button open-video icon circle is-outline is-xlarge\" target=\"_blank\" rel=\"noopener\"><i class=\"icon-play\" style=\"font-size:1.5em;\"><\/i><\/a><\/div>\n\n\n              <\/div>\n           <\/div>\n                            \n<style>\n#text-box-985517748 {\n  width: 80%;\n}\n#text-box-985517748 .text-box-content {\n  font-size: 86%;\n}\n@media (min-width:550px) {\n  #text-box-985517748 {\n    width: 100%;\n  }\n  #text-box-985517748 .text-box-content {\n    font-size: 80%;\n  }\n}\n@media (min-width:850px) {\n  #text-box-985517748 .text-box-content {\n    font-size: 85%;\n  }\n}\n<\/style>\n    <\/div>\n \n\n        <\/div>\n      <\/div>\n\n            \n<style>\n#banner-962953713 {\n  padding-top: 100%;\n}\n#banner-962953713 .overlay {\n  background-color: rgba(0, 0, 0, 0.5);\n}\n@media (min-width:550px) {\n  #banner-962953713 {\n    padding-top: 55%;\n  }\n}\n<\/style>\n  <\/div>\n\n\n<div class=\"row\"  id=\"row-547083413\">\n\n\n\t<div id=\"col-1898571873\" class=\"col small-12 large-12\"  >\n\t\t\t\t<div class=\"col-inner\"  >\n\t\t\t\n\t\t\t\n\n\n  \n    <div class=\"row large-columns-4 medium-columns-3 small-columns-2 row-small has-shadow row-box-shadow-1 row-box-shadow-2-hover slider row-slider slider-nav-reveal slider-nav-push\"  data-flickity-options='{\"imagesLoaded\": true, \"groupCells\": \"100%\", \"dragThreshold\" : 5, \"cellAlign\": \"left\",\"wrapAround\": true,\"prevNextButtons\": true,\"percentPosition\": true,\"pageDots\": false, \"rightToLeft\": false, \"autoPlay\" : false}'>\n\n  \t\n\t     \n\t\t\t\t\t\n<div class=\"product-small col has-hover product type-product post-147 status-publish first instock product_cat-produkte has-post-thumbnail taxable shipping-taxable purchasable product-type-simple\">\n\t<div class=\"col-inner\">\n\t\n<div class=\"badge-container absolute left top z-1\">\n<\/div>\n\t<div class=\"product-small box \">\n\t\t<div class=\"box-image\">\n\t\t\t<div class=\"image-fade_in_back\">\n\t\t\t\t<a href=\"https:\/\/b2b.equuscura.dk\/de\/vare\/shield\/\" aria-label=\"SHIELD - Gegen Sommerekzem\">\n\t\t\t\t\t<img loading=\"lazy\" decoding=\"async\" width=\"247\" height=\"296\" src=\"https:\/\/b2b.equuscura.dk\/wp-content\/uploads\/2020\/08\/6-247x296.png\" class=\"attachment-woocommerce_thumbnail size-woocommerce_thumbnail\" alt=\"shield_summer_eczeme\" \/><img loading=\"lazy\" decoding=\"async\" width=\"247\" height=\"296\" src=\"https:\/\/b2b.equuscura.dk\/wp-content\/uploads\/2020\/08\/18-247x296.png\" class=\"show-on-hover absolute fill hide-for-small back-image\" alt=\"shield_500ml_summereczema_box\" \/>\t\t\t\t<\/a>\n\t\t\t<\/div>\n\t\t\t<div class=\"image-tools is-small top right show-on-hover\">\n\t\t\t\t\t\t\t<\/div>\n\t\t\t<div class=\"image-tools is-small hide-for-small bottom left show-on-hover\">\n\t\t\t\t\t\t\t<\/div>\n\t\t\t<div class=\"image-tools grid-tools text-center hide-for-small bottom hover-slide-in show-on-hover\">\n\t\t\t\t\t\t\t<\/div>\n\t\t\t\t\t<\/div>\n\n\t\t<div class=\"box-text box-text-products\">\n\t\t\t<div class=\"title-wrapper\"><p class=\"name product-title woocommerce-loop-product__title\"><a href=\"https:\/\/b2b.equuscura.dk\/de\/vare\/shield\/\" class=\"woocommerce-LoopProduct-link woocommerce-loop-product__link\">SHIELD &#8211; Gegen Sommerekzem<\/a><\/p><\/div><div class=\"price-wrapper\">\n\t\t\t\t\t\t\t\t<style>\r\n\t\t\t\t\t\t\t\t\t.woocommerce-variation-price{ display: none !important;}\r\n\t\t\t\t\t\t\t\t<\/style>\r\n\t\t\t\t\t\t\t\t\t\t\t\t\t\t\t\t<style>\r\n\t\t\t\t\t\t\t\t\t.woocommerce-variation-price{ display: none !important;}\r\n\t\t\t\t\t\t\t\t<\/style>\r\n\t\t\t\t\t\t\t\t\t\t\t\t\t\t\t\t<style>\r\n\t\t\t\t\t\t\t\t\t.woocommerce-variation-price{ display: none !important;}\r\n\t\t\t\t\t\t\t\t<\/style>\r\n\t\t\t\t\t\t\t\t\t<span class=\"price\"><div class=\"viabill-pricetag\" data-view=\"list\" data-price=\"20\"><\/div><\/span>\n<\/div><a href=\"https:\/\/b2b.equuscura.dk\/en\/my-account\/\" rel=\"nofollow\" class=\"button add_to_cart_button product_type_simple\">Login to buy<\/a><span id=\"woocommerce_loop_add_to_cart_link_describedby_147\" class=\"screen-reader-text\">\n\t<\/span>\n\t\t<\/div>\n\t<\/div>\n\t\t<\/div>\n<\/div>\n\t            \n\t\t\t\t\t\n<div class=\"product-small col has-hover product type-product post-139 status-publish instock product_cat-produkte has-post-thumbnail taxable shipping-taxable purchasable product-type-simple\">\n\t<div class=\"col-inner\">\n\t\n<div class=\"badge-container absolute left top z-1\">\n<\/div>\n\t<div class=\"product-small box \">\n\t\t<div class=\"box-image\">\n\t\t\t<div class=\"image-fade_in_back\">\n\t\t\t\t<a href=\"https:\/\/b2b.equuscura.dk\/de\/vare\/wound-30-ml\/\" aria-label=\"WOUND 30 ml. - Wundversorgung\">\n\t\t\t\t\t<img loading=\"lazy\" decoding=\"async\" width=\"247\" height=\"296\" src=\"https:\/\/b2b.equuscura.dk\/wp-content\/uploads\/2020\/08\/1-247x296.jpg\" class=\"attachment-woocommerce_thumbnail size-woocommerce_thumbnail\" alt=\"WOUND NY EMBALLAGE\" \/><img loading=\"lazy\" decoding=\"async\" width=\"247\" height=\"296\" src=\"https:\/\/b2b.equuscura.dk\/wp-content\/uploads\/2020\/08\/12-247x296.png\" class=\"show-on-hover absolute fill hide-for-small back-image\" alt=\"wound_30ml\" \/>\t\t\t\t<\/a>\n\t\t\t<\/div>\n\t\t\t<div class=\"image-tools is-small top right show-on-hover\">\n\t\t\t\t\t\t\t<\/div>\n\t\t\t<div class=\"image-tools is-small hide-for-small bottom left show-on-hover\">\n\t\t\t\t\t\t\t<\/div>\n\t\t\t<div class=\"image-tools grid-tools text-center hide-for-small bottom hover-slide-in show-on-hover\">\n\t\t\t\t\t\t\t<\/div>\n\t\t\t\t\t<\/div>\n\n\t\t<div class=\"box-text box-text-products\">\n\t\t\t<div class=\"title-wrapper\"><p class=\"name product-title woocommerce-loop-product__title\"><a href=\"https:\/\/b2b.equuscura.dk\/de\/vare\/wound-30-ml\/\" class=\"woocommerce-LoopProduct-link woocommerce-loop-product__link\">WOUND 30 ml. &#8211; Wundversorgung<\/a><\/p><\/div><div class=\"price-wrapper\">\n\t\t\t\t\t\t\t\t<style>\r\n\t\t\t\t\t\t\t\t\t.woocommerce-variation-price{ display: none !important;}\r\n\t\t\t\t\t\t\t\t<\/style>\r\n\t\t\t\t\t\t\t\t\t\t\t\t\t\t\t\t<style>\r\n\t\t\t\t\t\t\t\t\t.woocommerce-variation-price{ display: none !important;}\r\n\t\t\t\t\t\t\t\t<\/style>\r\n\t\t\t\t\t\t\t\t\t\t\t\t\t\t\t\t<style>\r\n\t\t\t\t\t\t\t\t\t.woocommerce-variation-price{ display: none !important;}\r\n\t\t\t\t\t\t\t\t<\/style>\r\n\t\t\t\t\t\t\t\t\t<span class=\"price\"><div class=\"viabill-pricetag\" data-view=\"list\" data-price=\"15\"><\/div><\/span>\n<\/div><a href=\"https:\/\/b2b.equuscura.dk\/en\/my-account\/\" rel=\"nofollow\" class=\"button add_to_cart_button product_type_simple\">Login to buy<\/a><span id=\"woocommerce_loop_add_to_cart_link_describedby_139\" class=\"screen-reader-text\">\n\t<\/span>\n\t\t<\/div>\n\t<\/div>\n\t\t<\/div>\n<\/div>\n\t            \n\t\t\t\t\t\n<div class=\"product-small col has-hover product type-product post-120 status-publish last instock product_cat-produkte has-post-thumbnail taxable shipping-taxable purchasable product-type-simple\">\n\t<div class=\"col-inner\">\n\t\n<div class=\"badge-container absolute left top z-1\">\n<\/div>\n\t<div class=\"product-small box \">\n\t\t<div class=\"box-image\">\n\t\t\t<div class=\"image-fade_in_back\">\n\t\t\t\t<a href=\"https:\/\/b2b.equuscura.dk\/de\/vare\/prevent\/\" aria-label=\"PREVENT - Schutz vor Mauke und strahlf\u00e4ule\">\n\t\t\t\t\t<img loading=\"lazy\" decoding=\"async\" width=\"247\" height=\"296\" src=\"https:\/\/b2b.equuscura.dk\/wp-content\/uploads\/2020\/08\/2-247x296.png\" class=\"attachment-woocommerce_thumbnail size-woocommerce_thumbnail\" alt=\"Prevent 350g.\" \/><img loading=\"lazy\" decoding=\"async\" width=\"247\" height=\"296\" src=\"https:\/\/b2b.equuscura.dk\/wp-content\/uploads\/2020\/08\/13-247x296.png\" class=\"show-on-hover absolute fill hide-for-small back-image\" alt=\"prevent_350g_box\" \/>\t\t\t\t<\/a>\n\t\t\t<\/div>\n\t\t\t<div class=\"image-tools is-small top right show-on-hover\">\n\t\t\t\t\t\t\t<\/div>\n\t\t\t<div class=\"image-tools is-small hide-for-small bottom left show-on-hover\">\n\t\t\t\t\t\t\t<\/div>\n\t\t\t<div class=\"image-tools grid-tools text-center hide-for-small bottom hover-slide-in show-on-hover\">\n\t\t\t\t\t\t\t<\/div>\n\t\t\t\t\t<\/div>\n\n\t\t<div class=\"box-text box-text-products\">\n\t\t\t<div class=\"title-wrapper\"><p class=\"name product-title woocommerce-loop-product__title\"><a href=\"https:\/\/b2b.equuscura.dk\/de\/vare\/prevent\/\" class=\"woocommerce-LoopProduct-link woocommerce-loop-product__link\">PREVENT &#8211; Schutz vor Mauke und strahlf\u00e4ule<\/a><\/p><\/div><div class=\"price-wrapper\">\n\t\t\t\t\t\t\t\t<style>\r\n\t\t\t\t\t\t\t\t\t.woocommerce-variation-price{ display: none !important;}\r\n\t\t\t\t\t\t\t\t<\/style>\r\n\t\t\t\t\t\t\t\t\t\t\t\t\t\t\t\t<style>\r\n\t\t\t\t\t\t\t\t\t.woocommerce-variation-price{ display: none !important;}\r\n\t\t\t\t\t\t\t\t<\/style>\r\n\t\t\t\t\t\t\t\t\t\t\t\t\t\t\t\t<style>\r\n\t\t\t\t\t\t\t\t\t.woocommerce-variation-price{ display: none !important;}\r\n\t\t\t\t\t\t\t\t<\/style>\r\n\t\t\t\t\t\t\t\t\t<span class=\"price\"><div class=\"viabill-pricetag\" data-view=\"list\" data-price=\"17\"><\/div><\/span>\n<\/div><a href=\"https:\/\/b2b.equuscura.dk\/en\/my-account\/\" rel=\"nofollow\" class=\"button add_to_cart_button product_type_simple\">Login to buy<\/a><span id=\"woocommerce_loop_add_to_cart_link_describedby_120\" class=\"screen-reader-text\">\n\t<\/span>\n\t\t<\/div>\n\t<\/div>\n\t\t<\/div>\n<\/div>\n\t            \n\t\t\t\t\t\n<div class=\"product-small col has-hover product type-product post-104 status-publish first instock product_cat-produkte has-post-thumbnail taxable shipping-taxable purchasable product-type-simple\">\n\t<div class=\"col-inner\">\n\t\n<div class=\"badge-container absolute left top z-1\">\n<\/div>\n\t<div class=\"product-small box \">\n\t\t<div class=\"box-image\">\n\t\t\t<div class=\"image-fade_in_back\">\n\t\t\t\t<a href=\"https:\/\/b2b.equuscura.dk\/de\/vare\/muscle-500-ml\/\" aria-label=\"MUSCLE - Restitution und Erholung von Muskeln und Sehnen\">\n\t\t\t\t\t<img loading=\"lazy\" decoding=\"async\" width=\"247\" height=\"296\" src=\"https:\/\/b2b.equuscura.dk\/wp-content\/uploads\/2020\/08\/4-247x296.png\" class=\"attachment-woocommerce_thumbnail size-woocommerce_thumbnail\" alt=\"muscle\" \/><img loading=\"lazy\" decoding=\"async\" width=\"247\" height=\"296\" src=\"https:\/\/b2b.equuscura.dk\/wp-content\/uploads\/2020\/08\/1-1-247x296.png\" class=\"show-on-hover absolute fill hide-for-small back-image\" alt=\"muscle_box\" \/>\t\t\t\t<\/a>\n\t\t\t<\/div>\n\t\t\t<div class=\"image-tools is-small top right show-on-hover\">\n\t\t\t\t\t\t\t<\/div>\n\t\t\t<div class=\"image-tools is-small hide-for-small bottom left show-on-hover\">\n\t\t\t\t\t\t\t<\/div>\n\t\t\t<div class=\"image-tools grid-tools text-center hide-for-small bottom hover-slide-in show-on-hover\">\n\t\t\t\t\t\t\t<\/div>\n\t\t\t\t\t<\/div>\n\n\t\t<div class=\"box-text box-text-products\">\n\t\t\t<div class=\"title-wrapper\"><p class=\"name product-title woocommerce-loop-product__title\"><a href=\"https:\/\/b2b.equuscura.dk\/de\/vare\/muscle-500-ml\/\" class=\"woocommerce-LoopProduct-link woocommerce-loop-product__link\">MUSCLE &#8211; Restitution und Erholung von Muskeln und Sehnen<\/a><\/p><\/div><div class=\"price-wrapper\">\n\t\t\t\t\t\t\t\t<style>\r\n\t\t\t\t\t\t\t\t\t.woocommerce-variation-price{ display: none !important;}\r\n\t\t\t\t\t\t\t\t<\/style>\r\n\t\t\t\t\t\t\t\t\t\t\t\t\t\t\t\t<style>\r\n\t\t\t\t\t\t\t\t\t.woocommerce-variation-price{ display: none !important;}\r\n\t\t\t\t\t\t\t\t<\/style>\r\n\t\t\t\t\t\t\t\t\t\t\t\t\t\t\t\t<style>\r\n\t\t\t\t\t\t\t\t\t.woocommerce-variation-price{ display: none !important;}\r\n\t\t\t\t\t\t\t\t<\/style>\r\n\t\t\t\t\t\t\t\t\t<span class=\"price\"><div class=\"viabill-pricetag\" data-view=\"list\" data-price=\"21\"><\/div><\/span>\n<\/div><a href=\"https:\/\/b2b.equuscura.dk\/en\/my-account\/\" rel=\"nofollow\" class=\"button add_to_cart_button product_type_simple\">Login to buy<\/a><span id=\"woocommerce_loop_add_to_cart_link_describedby_104\" class=\"screen-reader-text\">\n\t<\/span>\n\t\t<\/div>\n\t<\/div>\n\t\t<\/div>\n<\/div>\n\t            \n\t\t\t\t\t\n<div class=\"product-small col has-hover product type-product post-75 status-publish instock product_cat-produkte has-post-thumbnail taxable shipping-taxable purchasable product-type-simple\">\n\t<div class=\"col-inner\">\n\t\n<div class=\"badge-container absolute left top z-1\">\n<\/div>\n\t<div class=\"product-small box \">\n\t\t<div class=\"box-image\">\n\t\t\t<div class=\"image-fade_in_back\">\n\t\t\t\t<a href=\"https:\/\/b2b.equuscura.dk\/de\/vare\/cura-no-1\/\" aria-label=\"CURA No. 1 - Pferdeshampoo mit 70% Aloe Vera\">\n\t\t\t\t\t<img loading=\"lazy\" decoding=\"async\" width=\"247\" height=\"296\" src=\"https:\/\/b2b.equuscura.dk\/wp-content\/uploads\/2020\/08\/cura-no_1_sam_ll-scaled-247x296.jpg\" class=\"attachment-woocommerce_thumbnail size-woocommerce_thumbnail\" alt=\"CURA NO. 1\" \/><img loading=\"lazy\" decoding=\"async\" width=\"247\" height=\"296\" src=\"https:\/\/b2b.equuscura.dk\/wp-content\/uploads\/2020\/08\/9-247x296.png\" class=\"show-on-hover absolute fill hide-for-small back-image\" alt=\"cura_horse_shampoo_box\" \/>\t\t\t\t<\/a>\n\t\t\t<\/div>\n\t\t\t<div class=\"image-tools is-small top right show-on-hover\">\n\t\t\t\t\t\t\t<\/div>\n\t\t\t<div class=\"image-tools is-small hide-for-small bottom left show-on-hover\">\n\t\t\t\t\t\t\t<\/div>\n\t\t\t<div class=\"image-tools grid-tools text-center hide-for-small bottom hover-slide-in show-on-hover\">\n\t\t\t\t\t\t\t<\/div>\n\t\t\t\t\t<\/div>\n\n\t\t<div class=\"box-text box-text-products\">\n\t\t\t<div class=\"title-wrapper\"><p class=\"name product-title woocommerce-loop-product__title\"><a href=\"https:\/\/b2b.equuscura.dk\/de\/vare\/cura-no-1\/\" class=\"woocommerce-LoopProduct-link woocommerce-loop-product__link\">CURA No. 1 &#8211; Pferdeshampoo mit 70% Aloe Vera<\/a><\/p><\/div><div class=\"price-wrapper\">\n\t\t\t\t\t\t\t\t<style>\r\n\t\t\t\t\t\t\t\t\t.woocommerce-variation-price{ display: none !important;}\r\n\t\t\t\t\t\t\t\t<\/style>\r\n\t\t\t\t\t\t\t\t\t\t\t\t\t\t\t\t<style>\r\n\t\t\t\t\t\t\t\t\t.woocommerce-variation-price{ display: none !important;}\r\n\t\t\t\t\t\t\t\t<\/style>\r\n\t\t\t\t\t\t\t\t\t\t\t\t\t\t\t\t<style>\r\n\t\t\t\t\t\t\t\t\t.woocommerce-variation-price{ display: none !important;}\r\n\t\t\t\t\t\t\t\t<\/style>\r\n\t\t\t\t\t\t\t\t\t<span class=\"price\"><div class=\"viabill-pricetag\" data-view=\"list\" data-price=\"16.19\"><\/div><\/span>\n<\/div><a href=\"https:\/\/b2b.equuscura.dk\/en\/my-account\/\" rel=\"nofollow\" class=\"button add_to_cart_button product_type_simple\">Login to buy<\/a><span id=\"woocommerce_loop_add_to_cart_link_describedby_75\" class=\"screen-reader-text\">\n\t<\/span>\n\t\t<\/div>\n\t<\/div>\n\t\t<\/div>\n<\/div>\n\t            \t        <\/div>\n\n\n\t\t<\/div>\n\t\t\t\t\t<\/div>\n\n\t\n\n<\/div>\n<div class=\"row align-middle\"  id=\"row-1274011534\">\n\n\n\t<div id=\"col-1177802264\" class=\"col medium-5 small-12 large-6\"  >\n\t\t\t\t<div class=\"col-inner\"  >\n\t\t\t\n\t\t\t\n\n\n  <div class=\"banner has-hover\" id=\"banner-1254044173\">\n          <div class=\"banner-inner fill\">\n        <div class=\"banner-bg fill\" >\n            <div class=\"bg fill bg-fill \"><\/div>\n                                    \n                    <\/div>\n        <div class=\"banner-layers container\">\n            <a class=\"fill\" href=\"https:\/\/b2b.equuscura.dk\/de\/vare\/adventskalender-equus-cura-2\/\"><div class=\"fill banner-link\"><\/div><\/a>            \n\n\n        <\/div>\n      <\/div>\n\n            \n<style>\n#banner-1254044173 {\n  padding-top: 80%;\n}\n#banner-1254044173 .bg.bg-loaded {\n  background-image: url(https:\/\/b2b.equuscura.dk\/wp-content\/uploads\/2021\/01\/Billeder-forside-800x800.png);\n}\n@media (min-width:550px) {\n  #banner-1254044173 {\n    padding-top: 99.99%;\n  }\n}\n@media (min-width:850px) {\n  #banner-1254044173 {\n    padding-top: 80%;\n  }\n}\n<\/style>\n  <\/div>\n\n\n\n\t\t<\/div>\n\t\t\t\t\t<\/div>\n\n\t\n\n\t<div id=\"col-348520465\" class=\"col medium-7 small-12 large-6\"  >\n\t\t\t\t<div class=\"col-inner\"  >\n\t\t\t\n\t\t\t\n\n<h4><span style=\"color: #c8af9c;\">NEU<\/span><\/h4>\n<h2>WILLKOMMEN IN IHREM NEUEN SHOP<\/h2>\n<p>Willkommen in Ihrem pers\u00f6nlichen Equus Cura Webshop. Hier k\u00f6nnen Sie einfach und unkompliziert unsere Produkte bestellen und \u00fcber Neuigkeiten auf dem Laufenden bleiben.<\/p>\n<a href=\"https:\/\/b2b.equuscura.dk\/de\/vare\/adventskalender-equus-cura\/\" target=\"_self\" class=\"button primary\">\n    <span>KAUFEN SIE HIER<\/span>\n  <\/a>\n\n\n\n\t\t<\/div>\n\t\t\t\t\t<\/div>\n\n\t\n\n<\/div>\n<div class=\"row align-middle\"  id=\"row-1186750360\">\n\n\n\t<div id=\"col-1829042190\" class=\"col medium-5 small-12 large-6\"  >\n\t\t\t\t<div class=\"col-inner\"  >\n\t\t\t\n\t\t\t\n\n\n  <div class=\"banner has-hover\" id=\"banner-140922161\">\n          <div class=\"banner-inner fill\">\n        <div class=\"banner-bg fill\" >\n            <div class=\"bg fill bg-fill \"><\/div>\n                                    \n                    <\/div>\n        <div class=\"banner-layers container\">\n            <a class=\"fill\" href=\"\/en\/products\/\"  ><div class=\"fill banner-link\"><\/div><\/a>            \n\n\n        <\/div>\n      <\/div>\n\n            \n<style>\n#banner-140922161 {\n  padding-top: 56.25%;\n}\n#banner-140922161 .bg.bg-loaded {\n  background-image: url(https:\/\/b2b.equuscura.dk\/wp-content\/uploads\/2020\/08\/samlet-kasser.png);\n}\n<\/style>\n  <\/div>\n\n\n\n\t\t<\/div>\n\t\t\t\t\t<\/div>\n\n\t\n\n\t<div id=\"col-749514087\" class=\"col medium-7 small-12 large-6\"  >\n\t\t\t\t<div class=\"col-inner\"  >\n\t\t\t\n\t\t\t\n\n<h4><span style=\"color: #c8af9c;\">UNSERE PRODUKTE<\/span><\/h4>\n<h2>EFFIZIENTE UND SANFTE PFLEGEPRODUKTE F\u00dcR PFERDE<\/h2>\n<p>Unser Ziel ist es, neue effiziente,innovativeund schonendePflegeprodukte zu entwickeln, ohne sch\u00e4dliche Chemikalien zu Gunsten IhresPferdes.<\/p>\n<p>Die Produkte sind effektiv und \u00e4u\u00dferst schonend f\u00fcr ihrPferd. Unsere Produkte sind frei von Chemikalien und bestehen nur aus nat\u00fcrlichen Inhaltsstoffen.<\/p>\n<p>EQUUS CURA bedeutet Pflege f\u00fcr Pferde!<\/p>\n<a href=\"\/en\/products\/\" target=\"_self\" class=\"button primary\"  >\n    <span>SIEHE ALLE PRODUKTE<\/span>\n  <\/a>\n\n\n\n\t\t<\/div>\n\t\t\t\t\t<\/div>\n\n\t\n\n<\/div>\n<h2><span style=\"font-size: 75%;\">EQUUS CURA &#8211; PFLEGE F\u00dcR PFERDE<\/span><\/h2>\n<p><span style=\"font-size: 75%;\">EQUUS CURA bedeutet Pflege f\u00fcr Pferde &#8211; Meine Pflegeprodukte werden mit Sorgfalt f\u00fcr Ihr Pferd hergestellt! EQUUS CURA ist ein d\u00e4nisches Unternehmen, dass Pflegeprodukte f\u00fcr Pferde von h\u00f6chster Qualit\u00e4t herstellt. Die Produkte sind v\u00f6llig frei von sch\u00e4dlichen Chemikalien, sie sind gut vertr\u00e4glich f\u00fcr Sie, Ihr Pferd und zudem auch umweltfreundlich.<\/span><\/p>\n<p><span style=\"font-size: 75%;\">Mein Zielist es, die erste Wahl der Pferdebesitzer zu werden, indem ich effiziente, innovativeund sanfte Pflegeprodukte f\u00fcr ihr Pferd zu einem Preis anbiete, den sich jeder leisten kann. Die Produkte werden in enger Zusammenarbeit mit Ihnen als Verbraucher entwickelt, weshalb ich immer gerne neue Ideen, Vorschl\u00e4ge und W\u00fcnsche f\u00fcr zuk\u00fcnftige Produkte erhalte.<\/span><\/p>\n<p><span style=\"font-size: 75%;\">Folgen Sie uns in den sozialen Medien und bleiben Sie \u00fcber Neuigkeiten, Angebote und Wettbewerbe auf dem Laufenden. Hier k\u00f6nnen Sie sich auch f\u00fcr unseren popul\u00e4ren Ritt anmelden, der dreimal im Jahr stattfindet. Teilen Sie Ihre Fotos mit mir und den anderen Benutzern der Produkte von EQUUS CURA unter <u>#equuscura<\/u>.<\/span><\/p>\n<p><span style=\"font-size: 75%;\">Brauchen Sie Hilfe? Ich bin immer bereit, Ihnen zu helfen, ob Sie mehr \u00fcber die Produkte erfahren m\u00f6chten, Einzelh\u00e4ndler werden m\u00f6chten oder Unterst\u00fctzung bei der Auswahl oder Verwendung der Produkte ben\u00f6tigen.<\/span><\/p>\n<p><span style=\"font-size: 75%;\">Die Produkte von EQUUS CURA finden Sie bei ausgew\u00e4hlten <a href=\"https:\/\/b2b.equuscura.dk\/de\/unsere-haendler\/\"><u>Einzelh\u00e4ndlern<\/u>und<\/a> unter <u>www.equuscura.dk<\/u>. F\u00fcr Bestellungen ab 55\u20ac liefern wir kostenlos innerhalb ganz Europa.<\/span><\/p>\n\n","protected":false},"excerpt":{"rendered":"","protected":false},"author":1,"featured_media":190,"parent":0,"menu_order":0,"comment_status":"closed","ping_status":"closed","template":"page-transparent-header.php","meta":{"footnotes":""},"_links":{"self":[{"href":"https:\/\/b2b.equuscura.dk\/de\/wp-json\/wp\/v2\/pages\/460"}],"collection":[{"href":"https:\/\/b2b.equuscura.dk\/de\/wp-json\/wp\/v2\/pages"}],"about":[{"href":"https:\/\/b2b.equuscura.dk\/de\/wp-json\/wp\/v2\/types\/page"}],"author":[{"embeddable":true,"href":"https:\/\/b2b.equuscura.dk\/de\/wp-json\/wp\/v2\/users\/1"}],"replies":[{"embeddable":true,"href":"https:\/\/b2b.equuscura.dk\/de\/wp-json\/wp\/v2\/comments?post=460"}],"version-history":[{"count":0,"href":"https:\/\/b2b.equuscura.dk\/de\/wp-json\/wp\/v2\/pages\/460\/revisions"}],"wp:featuredmedia":[{"embeddable":true,"href":"https:\/\/b2b.equuscura.dk\/de\/wp-json\/wp\/v2\/media\/190"}],"wp:attachment":[{"href":"https:\/\/b2b.equuscura.dk\/de\/wp-json\/wp\/v2\/media?parent=460"}],"curies":[{"name":"wp","href":"https:\/\/api.w.org\/{rel}","templated":true}]}}